{"id":1642,"date":"2021-09-16T18:09:28","date_gmt":"2021-09-16T18:09:28","guid":{"rendered":"https:\/\/the7.io\/consulting\/?page_id=1642"},"modified":"2024-07-10T16:56:08","modified_gmt":"2024-07-10T16:56:08","slug":"quienes-somos","status":"publish","type":"page","link":"https:\/\/asesorianuevaera.com\/zh\/quienes-somos\/","title":{"rendered":"\u5173\u4e8e\u6211\u4eec"},"content":{"rendered":"<div data-elementor-type=\"wp-page\" data-elementor-id=\"1642\" class=\"elementor elementor-1642\" data-elementor-post-type=\"page\">\n\t\t\t\t\t\t<section class=\"elementor-section elementor-top-section elementor-element elementor-element-1d98f5c elementor-section-stretched elementor-section-content-middle elementor-section-boxed elementor-section-height-default elementor-section-height-default\" data-id=\"1d98f5c\" data-element_type=\"section\" data-settings=\"{&quot;stretch_section&quot;:&quot;section-stretched&quot;}\">\n\t\t\t\t\t\t<div class=\"elementor-container elementor-column-gap-wider\">\n\t\t\t\t\t<div class=\"elementor-column elementor-col-50 elementor-top-column elementor-element elementor-element-7eade21\" data-id=\"7eade21\" data-element_type=\"column\">\n\t\t\t<div class=\"elementor-widget-wrap elementor-element-populated\">\n\t\t\t\t\t\t<section class=\"elementor-section elementor-inner-section elementor-element elementor-element-ab78339 elementor-section-boxed elementor-section-height-default elementor-section-height-default\" data-id=\"ab78339\" data-element_type=\"section\">\n\t\t\t\t\t\t<div class=\"elementor-container elementor-column-gap-wider\">\n\t\t\t\t\t<div class=\"elementor-column elementor-col-100 elementor-inner-column elementor-element elementor-element-a3214ee\" data-id=\"a3214ee\" data-element_type=\"column\">\n\t\t\t<div class=\"elementor-widget-wrap elementor-element-populated\">\n\t\t\t\t\t\t<div class=\"elementor-element elementor-element-5f87116 elementor-widget elementor-widget-spacer\" data-id=\"5f87116\" data-element_type=\"widget\" data-widget_type=\"spacer.default\">\n\t\t\t\t<div class=\"elementor-widget-container\">\n\t\t\t\t\t<div class=\"elementor-spacer\">\n\t\t\t<div class=\"elementor-spacer-inner\"><\/div>\n\t\t<\/div>\n\t\t\t\t<\/div>\n\t\t\t\t<\/div>\n\t\t\t\t<div class=\"elementor-element elementor-element-58d8029 elementor-widget elementor-widget-heading\" data-id=\"58d8029\" data-element_type=\"widget\" data-widget_type=\"heading.default\">\n\t\t\t\t<div class=\"elementor-widget-container\">\n\t\t\t<h4 class=\"elementor-heading-title elementor-size-default\">\u585e\u7ef4\u5229\u4e9a\u7684\u52b3\u52a8\u4e13\u5bb6\u987e\u95ee<\/h4>\t\t<\/div>\n\t\t\t\t<\/div>\n\t\t\t\t<div class=\"elementor-element elementor-element-d48d71a elementor-widget elementor-widget-spacer\" data-id=\"d48d71a\" data-element_type=\"widget\" data-widget_type=\"spacer.default\">\n\t\t\t\t<div class=\"elementor-widget-container\">\n\t\t\t\t\t<div class=\"elementor-spacer\">\n\t\t\t<div class=\"elementor-spacer-inner\"><\/div>\n\t\t<\/div>\n\t\t\t\t<\/div>\n\t\t\t\t<\/div>\n\t\t\t\t<div class=\"elementor-element elementor-element-747bc5f elementor-widget elementor-widget-text-editor\" data-id=\"747bc5f\" data-element_type=\"widget\" data-widget_type=\"text-editor.default\">\n\t\t\t\t<div class=\"elementor-widget-container\">\n\t\t\t\t\t\t\t<p>\u5728 <strong>\u5e7f\u6e90\u4e8b\u52a1\u6240<\/strong> \u5728\u5e7f\u6e90\u4e8b\u52a1\u6240\uff0c\u6211\u4eec\u662f\u4e00\u5bb6\u5728\u585e\u7ef4\u5229\u4e9a\u9886\u5148\u7684\u52b3\u52a8\u4e13\u5bb6\u987e\u95ee\u516c\u53f8\uff0c\u7531\u4e00\u652f\u4e13\u4e1a\u56e2\u961f\u7ec4\u6210\uff0c\u4e13\u6ce8\u4e8e\u4f01\u4e1a\u7ba1\u7406\u7684\u5404\u4e2a\u9886\u57df\uff0c\u5305\u62ec\u52b3\u52a8\u9886\u57df\u3002\u6211\u4eec\u81ea\u8c6a\u5730\u4e3a\u4f01\u4e1a\u63d0\u4f9b\u4e13\u4e1a\u7684\u54a8\u8be2\u670d\u52a1\uff0c\u91cf\u8eab\u5b9a\u5236\u4ee5\u6ee1\u8db3\u6bcf\u4e2a\u5ba2\u6237\u7684\u9700\u6c42\u3002<\/p>\t\t\t\t\t\t<\/div>\n\t\t\t\t<\/div>\n\t\t\t\t\t<\/div>\n\t\t<\/div>\n\t\t\t\t\t<\/div>\n\t\t<\/section>\n\t\t\t\t\t<\/div>\n\t\t<\/div>\n\t\t\t\t<div class=\"elementor-column elementor-col-50 elementor-top-column elementor-element elementor-element-cb10ebb\" data-id=\"cb10ebb\" data-element_type=\"column\">\n\t\t\t<div class=\"elementor-widget-wrap elementor-element-populated\">\n\t\t\t\t\t\t<div class=\"elementor-element elementor-element-ee74ff2 elementor-widget__width-auto elementor-widget elementor-widget-image\" data-id=\"ee74ff2\" data-element_type=\"widget\" data-widget_type=\"image.default\">\n\t\t\t\t<div class=\"elementor-widget-container\">\n\t\t\t\t\t\t\t\t\t\t\t\t\t<img decoding=\"async\" src=\"https:\/\/asesorianuevaera.com\/wp-content\/uploads\/elementor\/thumbs\/cons009-qq3ghrtz2y90bvmz8d6ntrw82omtmm9ghguu4kvne0.jpg\" title=\"cons009\" alt=\"cons009\" loading=\"lazy\" \/>\t\t\t\t\t\t\t\t\t\t\t\t\t<\/div>\n\t\t\t\t<\/div>\n\t\t\t\t<div class=\"elementor-element elementor-element-193a5e7 elementor-widget__width-auto elementor-widget elementor-widget-image\" data-id=\"193a5e7\" data-element_type=\"widget\" data-widget_type=\"image.default\">\n\t\t\t\t<div class=\"elementor-widget-container\">\n\t\t\t\t\t\t\t\t\t\t\t\t\t<img decoding=\"async\" src=\"https:\/\/asesorianuevaera.com\/wp-content\/uploads\/elementor\/thumbs\/bg-ss-001-qq3gicif9b1bfasxvm4gcmod55swbyjjwb7ioo0zl4.jpg\" title=\"\u54a8\u8be2\" alt=\"asesoria\" loading=\"lazy\" \/>\t\t\t\t\t\t\t\t\t\t\t\t\t<\/div>\n\t\t\t\t<\/div>\n\t\t\t\t\t<\/div>\n\t\t<\/div>\n\t\t\t\t\t<\/div>\n\t\t<\/section>\n\t\t\t\t<section class=\"elementor-section elementor-top-section elementor-element elementor-element-4743868 elementor-section-stretched elementor-section-boxed elementor-section-height-default elementor-section-height-default\" data-id=\"4743868\" data-element_type=\"section\" data-settings=\"{&quot;stretch_section&quot;:&quot;section-stretched&quot;,&quot;background_background&quot;:&quot;classic&quot;}\">\n\t\t\t\t\t\t<div class=\"elementor-container elementor-column-gap-no\">\n\t\t\t\t\t<div class=\"elementor-column elementor-col-100 elementor-top-column elementor-element elementor-element-0a5490e\" data-id=\"0a5490e\" data-element_type=\"column\" data-settings=\"{&quot;background_background&quot;:&quot;classic&quot;}\">\n\t\t\t<div class=\"elementor-widget-wrap elementor-element-populated\">\n\t\t\t\t\t\t<section class=\"elementor-section elementor-inner-section elementor-element elementor-element-7173ba7 elementor-section-boxed elementor-section-height-default elementor-section-height-default\" data-id=\"7173ba7\" data-element_type=\"section\">\n\t\t\t\t\t\t<div class=\"elementor-container elementor-column-gap-wider\">\n\t\t\t\t\t<div class=\"elementor-column elementor-col-50 elementor-inner-column elementor-element elementor-element-4e92da6\" data-id=\"4e92da6\" data-element_type=\"column\">\n\t\t\t<div class=\"elementor-widget-wrap elementor-element-populated\">\n\t\t\t\t\t\t<div class=\"elementor-element elementor-element-c977a60 elementor-widget elementor-widget-spacer\" data-id=\"c977a60\" data-element_type=\"widget\" data-widget_type=\"spacer.default\">\n\t\t\t\t<div class=\"elementor-widget-container\">\n\t\t\t\t\t<div class=\"elementor-spacer\">\n\t\t\t<div class=\"elementor-spacer-inner\"><\/div>\n\t\t<\/div>\n\t\t\t\t<\/div>\n\t\t\t\t<\/div>\n\t\t\t\t<div class=\"elementor-element elementor-element-189486a elementor-widget elementor-widget-heading\" data-id=\"189486a\" data-element_type=\"widget\" data-widget_type=\"heading.default\">\n\t\t\t\t<div class=\"elementor-widget-container\">\n\t\t\t<h2 class=\"elementor-heading-title elementor-size-default\">\u4e13\u4e1a\u7684\u4f01\u4e1a\u54a8\u8be2\u670d\u52a1<\/h2>\t\t<\/div>\n\t\t\t\t<\/div>\n\t\t\t\t<div class=\"elementor-element elementor-element-7220114 elementor-widget elementor-widget-spacer\" data-id=\"7220114\" data-element_type=\"widget\" data-widget_type=\"spacer.default\">\n\t\t\t\t<div class=\"elementor-widget-container\">\n\t\t\t\t\t<div class=\"elementor-spacer\">\n\t\t\t<div class=\"elementor-spacer-inner\"><\/div>\n\t\t<\/div>\n\t\t\t\t<\/div>\n\t\t\t\t<\/div>\n\t\t\t\t<div class=\"elementor-element elementor-element-5f910a6 elementor-widget elementor-widget-text-editor\" data-id=\"5f910a6\" data-element_type=\"widget\" data-widget_type=\"text-editor.default\">\n\t\t\t\t<div class=\"elementor-widget-container\">\n\t\t\t\t\t\t\t<div class=\"module text\"><p class=\"bodytext\">\u6211\u4eec\u662f\u4e00\u5bb6\u5728\u585e\u7ef4\u5229\u4e9a\u9886\u5148\u7684\u52b3\u52a8\u4e13\u5bb6\u987e\u95ee\u516c\u53f8\uff0c\u7531\u4e00\u652f\u4e13\u4e1a\u56e2\u961f\u7ec4\u6210\uff0c\u4e13\u6ce8\u4e8e\u4f01\u4e1a\u7ba1\u7406\u7684\u5404\u4e2a\u9886\u57df\uff0c\u5305\u62ec\u52b3\u52a8\u9886\u57df.\u6211\u4eec\u81ea\u8c6a\u5730\u4e3a\u4f01\u4e1a\u63d0\u4f9b\u4e13\u4e1a\u7684\u54a8\u8be2\u670d\u52a1\uff0c\u91cf\u8eab\u5b9a\u5236\u4ee5\u6ee1\u8db3\u6bcf\u4e2a\u5ba2\u6237\u7684\u9700\u6c42.<\/p><p class=\"bodytext\">\u00a0<\/p><p class=\"bodytext\">\u65e0\u8bba\u60a8\u9700\u8981\u7a0e\u52a1\u548c\u8d21\u7a0e\u7ba1\u7406\u3001\u52b3\u52a8\u548c\u6cd5\u89c4\u5408\u89c4\u3001\u4f1a\u8ba1\u548c\u8d22\u52a1\u7ba1\u7406\uff0c\u8fd8\u662f\u6cd5\u5f8b\u548c\u79fb\u6c11\u54a8\u8be2\uff0c\u6211\u4eec\u90fd\u53ef\u4ee5\u5e2e\u52a9\u60a8.\u5728\u5e7f\u6e90\u4e8b\u52a1\u6240\uff0c\u6211\u4eec\u81f4\u529b\u4e8e\u63d0\u4f9b\u4e2a\u6027\u5316\u89e3\u51b3\u65b9\u6848\uff0c\u6ee1\u8db3\u60a8\u4f01\u4e1a\u7684\u5177\u4f53\u9700\u6c42\uff0c\u6211\u4eec\u7684\u76ee\u6807\u59cb\u7ec8\u662f\u8d85\u8d8a\u60a8\u7684\u671f\u671b.<\/p><\/div>\t\t\t\t\t\t<\/div>\n\t\t\t\t<\/div>\n\t\t\t\t\t<\/div>\n\t\t<\/div>\n\t\t\t\t<div class=\"elementor-column elementor-col-50 elementor-inner-column elementor-element elementor-element-c46ca5d\" data-id=\"c46ca5d\" data-element_type=\"column\">\n\t\t\t<div class=\"elementor-widget-wrap elementor-element-populated\">\n\t\t\t\t\t\t<div class=\"elementor-element elementor-element-ce2bae7 elementor-widget elementor-widget-spacer\" data-id=\"ce2bae7\" data-element_type=\"widget\" data-widget_type=\"spacer.default\">\n\t\t\t\t<div class=\"elementor-widget-container\">\n\t\t\t\t\t<div class=\"elementor-spacer\">\n\t\t\t<div class=\"elementor-spacer-inner\"><\/div>\n\t\t<\/div>\n\t\t\t\t<\/div>\n\t\t\t\t<\/div>\n\t\t\t\t<div class=\"elementor-element elementor-element-aa39a78 elementor-widget elementor-widget-image\" data-id=\"aa39a78\" data-element_type=\"widget\" data-widget_type=\"image.default\">\n\t\t\t\t<div class=\"elementor-widget-container\">\n\t\t\t\t\t\t\t\t\t\t\t\t\t<img fetchpriority=\"high\" decoding=\"async\" width=\"555\" height=\"370\" src=\"https:\/\/asesorianuevaera.com\/wp-content\/uploads\/2024\/07\/128511893_l_normal_none.jpg\" class=\"attachment-full size-full wp-image-4832\" alt=\"Business People Talking Discussing with coworker planning analyz\" srcset=\"https:\/\/asesorianuevaera.com\/wp-content\/uploads\/2024\/07\/128511893_l_normal_none.jpg 555w, https:\/\/asesorianuevaera.com\/wp-content\/uploads\/2024\/07\/128511893_l_normal_none-300x200.jpg 300w\" sizes=\"(max-width: 555px) 100vw, 555px\" \/>\t\t\t\t\t\t\t\t\t\t\t\t\t<\/div>\n\t\t\t\t<\/div>\n\t\t\t\t\t<\/div>\n\t\t<\/div>\n\t\t\t\t\t<\/div>\n\t\t<\/section>\n\t\t\t\t<section class=\"elementor-section elementor-inner-section elementor-element elementor-element-ce4a1b1 elementor-section-boxed elementor-section-height-default elementor-section-height-default\" data-id=\"ce4a1b1\" data-element_type=\"section\">\n\t\t\t\t\t\t<div class=\"elementor-container elementor-column-gap-wider\">\n\t\t\t\t\t<div class=\"elementor-column elementor-col-50 elementor-inner-column elementor-element elementor-element-ce4020b\" data-id=\"ce4020b\" data-element_type=\"column\">\n\t\t\t<div class=\"elementor-widget-wrap elementor-element-populated\">\n\t\t\t\t\t\t<div class=\"elementor-element elementor-element-90fc302 elementor-widget elementor-widget-spacer\" data-id=\"90fc302\" data-element_type=\"widget\" data-widget_type=\"spacer.default\">\n\t\t\t\t<div class=\"elementor-widget-container\">\n\t\t\t\t\t<div class=\"elementor-spacer\">\n\t\t\t<div class=\"elementor-spacer-inner\"><\/div>\n\t\t<\/div>\n\t\t\t\t<\/div>\n\t\t\t\t<\/div>\n\t\t\t\t<div class=\"elementor-element elementor-element-5fea4ed elementor-widget elementor-widget-image\" data-id=\"5fea4ed\" data-element_type=\"widget\" data-widget_type=\"image.default\">\n\t\t\t\t<div class=\"elementor-widget-container\">\n\t\t\t\t\t\t\t\t\t\t\t\t\t<img decoding=\"async\" width=\"555\" height=\"370\" src=\"https:\/\/asesorianuevaera.com\/wp-content\/uploads\/2024\/07\/185432593_l_normal_none.jpg\" class=\"attachment-full size-full wp-image-4833\" alt=\"185432593_l_normal_none\" srcset=\"https:\/\/asesorianuevaera.com\/wp-content\/uploads\/2024\/07\/185432593_l_normal_none.jpg 555w, https:\/\/asesorianuevaera.com\/wp-content\/uploads\/2024\/07\/185432593_l_normal_none-300x200.jpg 300w\" sizes=\"(max-width: 555px) 100vw, 555px\" \/>\t\t\t\t\t\t\t\t\t\t\t\t\t<\/div>\n\t\t\t\t<\/div>\n\t\t\t\t\t<\/div>\n\t\t<\/div>\n\t\t\t\t<div class=\"elementor-column elementor-col-50 elementor-inner-column elementor-element elementor-element-6ade846\" data-id=\"6ade846\" data-element_type=\"column\">\n\t\t\t<div class=\"elementor-widget-wrap elementor-element-populated\">\n\t\t\t\t\t\t<div class=\"elementor-element elementor-element-fbf9df2 elementor-widget elementor-widget-spacer\" data-id=\"fbf9df2\" data-element_type=\"widget\" data-widget_type=\"spacer.default\">\n\t\t\t\t<div class=\"elementor-widget-container\">\n\t\t\t\t\t<div class=\"elementor-spacer\">\n\t\t\t<div class=\"elementor-spacer-inner\"><\/div>\n\t\t<\/div>\n\t\t\t\t<\/div>\n\t\t\t\t<\/div>\n\t\t\t\t<div class=\"elementor-element elementor-element-61f23b5 elementor-widget elementor-widget-heading\" data-id=\"61f23b5\" data-element_type=\"widget\" data-widget_type=\"heading.default\">\n\t\t\t\t<div class=\"elementor-widget-container\">\n\t\t\t<h2 class=\"elementor-heading-title elementor-size-default\">\u52b3\u52a8\u548c\u6cd5\u89c4\u5408\u89c4\u4e13\u5bb6<\/h2>\t\t<\/div>\n\t\t\t\t<\/div>\n\t\t\t\t<div class=\"elementor-element elementor-element-f465e8e elementor-widget elementor-widget-spacer\" data-id=\"f465e8e\" data-element_type=\"widget\" data-widget_type=\"spacer.default\">\n\t\t\t\t<div class=\"elementor-widget-container\">\n\t\t\t\t\t<div class=\"elementor-spacer\">\n\t\t\t<div class=\"elementor-spacer-inner\"><\/div>\n\t\t<\/div>\n\t\t\t\t<\/div>\n\t\t\t\t<\/div>\n\t\t\t\t<div class=\"elementor-element elementor-element-e5947ef elementor-widget elementor-widget-text-editor\" data-id=\"e5947ef\" data-element_type=\"widget\" data-widget_type=\"text-editor.default\">\n\t\t\t\t<div class=\"elementor-widget-container\">\n\t\t\t\t\t\t\t<p>\u5728\u5e7f\u6e90\u4e8b\u52a1\u6240\uff0c\u6211\u4eec\u7684\u52b3\u52a8\u4e13\u5bb6\u987e\u95ee\u62e5\u6709\u4e30\u5bcc\u7684\u52b3\u52a8\u548c\u6cd5\u89c4\u5408\u89c4\u7ecf\u9a8c\uff0c\u4f7f\u4ed6\u4eec\u80fd\u591f\u4e3a\u60a8\u7684\u4f01\u4e1a\u4f18\u5316\u63d0\u4f9b\u4e2a\u6027\u5316\u89e3\u51b3\u65b9\u6848.\u6211\u4eec\u786e\u4fdd\u6211\u4eec\u7684\u5ba2\u6237\u9075\u5b88\u897f\u73ed\u7259\u73b0\u884c\u7684\u6240\u6709\u52b3\u52a8\u6cd5\u5f8b\u548c\u6cd5\u89c4.<\/p>\t\t\t\t\t\t<\/div>\n\t\t\t\t<\/div>\n\t\t\t\t\t<\/div>\n\t\t<\/div>\n\t\t\t\t\t<\/div>\n\t\t<\/section>\n\t\t\t\t<section class=\"elementor-section elementor-inner-section elementor-element elementor-element-507ac2b elementor-section-boxed elementor-section-height-default elementor-section-height-default\" data-id=\"507ac2b\" data-element_type=\"section\">\n\t\t\t\t\t\t<div class=\"elementor-container elementor-column-gap-wider\">\n\t\t\t\t\t<div class=\"elementor-column elementor-col-50 elementor-inner-column elementor-element elementor-element-265f66c\" data-id=\"265f66c\" data-element_type=\"column\">\n\t\t\t<div class=\"elementor-widget-wrap elementor-element-populated\">\n\t\t\t\t\t\t<div class=\"elementor-element elementor-element-aa91e5f elementor-widget elementor-widget-spacer\" data-id=\"aa91e5f\" data-element_type=\"widget\" data-widget_type=\"spacer.default\">\n\t\t\t\t<div class=\"elementor-widget-container\">\n\t\t\t\t\t<div class=\"elementor-spacer\">\n\t\t\t<div class=\"elementor-spacer-inner\"><\/div>\n\t\t<\/div>\n\t\t\t\t<\/div>\n\t\t\t\t<\/div>\n\t\t\t\t<div class=\"elementor-element elementor-element-632071f elementor-widget elementor-widget-heading\" data-id=\"632071f\" data-element_type=\"widget\" data-widget_type=\"heading.default\">\n\t\t\t\t<div class=\"elementor-widget-container\">\n\t\t\t<h2 class=\"elementor-heading-title elementor-size-default\">\u4e3a\u4f18\u5316\u60a8\u7684\u4e1a\u52a1\u63d0\u4f9b\u4e2a\u6027\u5316\u89e3\u51b3\u65b9\u6848<\/h2>\t\t<\/div>\n\t\t\t\t<\/div>\n\t\t\t\t<div class=\"elementor-element elementor-element-b44c69b elementor-widget elementor-widget-spacer\" data-id=\"b44c69b\" data-element_type=\"widget\" data-widget_type=\"spacer.default\">\n\t\t\t\t<div class=\"elementor-widget-container\">\n\t\t\t\t\t<div class=\"elementor-spacer\">\n\t\t\t<div class=\"elementor-spacer-inner\"><\/div>\n\t\t<\/div>\n\t\t\t\t<\/div>\n\t\t\t\t<\/div>\n\t\t\t\t<div class=\"elementor-element elementor-element-4d016cd elementor-widget elementor-widget-text-editor\" data-id=\"4d016cd\" data-element_type=\"widget\" data-widget_type=\"text-editor.default\">\n\t\t\t\t<div class=\"elementor-widget-container\">\n\t\t\t\t\t\t\t<p>\u6b64\u5916\uff0c\u6211\u4eec\u7684\u4e2a\u6027\u5316\u65b9\u6cd5\u610f\u5473\u7740\u6211\u4eec\u52aa\u529b\u4e86\u89e3\u6bcf\u4e2a\u5ba2\u6237\u7684\u5177\u4f53\u9700\u6c42\u5e76\u63d0\u4f9b\u91cf\u8eab\u5b9a\u5236\u7684\u89e3\u51b3\u65b9\u6848.\u6211\u4eec\u77e5\u9053\u6bcf\u4e2a\u4f01\u4e1a\u90fd\u662f\u72ec\u7279\u7684\uff0c\u9762\u4e34\u7740\u72ec\u7279\u7684\u6311\u6218\uff0c\u56e0\u6b64\u6211\u4eec\u4e0e\u5ba2\u6237\u7d27\u5bc6\u5408\u4f5c\uff0c\u4ee5\u786e\u4fdd\u4ed6\u4eec\u7684\u6210\u529f.<\/p>\t\t\t\t\t\t<\/div>\n\t\t\t\t<\/div>\n\t\t\t\t\t<\/div>\n\t\t<\/div>\n\t\t\t\t<div class=\"elementor-column elementor-col-50 elementor-inner-column elementor-element elementor-element-f564935\" data-id=\"f564935\" data-element_type=\"column\">\n\t\t\t<div class=\"elementor-widget-wrap elementor-element-populated\">\n\t\t\t\t\t\t<div class=\"elementor-element elementor-element-1200f43 elementor-widget elementor-widget-spacer\" data-id=\"1200f43\" data-element_type=\"widget\" data-widget_type=\"spacer.default\">\n\t\t\t\t<div class=\"elementor-widget-container\">\n\t\t\t\t\t<div class=\"elementor-spacer\">\n\t\t\t<div class=\"elementor-spacer-inner\"><\/div>\n\t\t<\/div>\n\t\t\t\t<\/div>\n\t\t\t\t<\/div>\n\t\t\t\t<div class=\"elementor-element elementor-element-56c9998 elementor-widget elementor-widget-image\" data-id=\"56c9998\" data-element_type=\"widget\" data-widget_type=\"image.default\">\n\t\t\t\t<div class=\"elementor-widget-container\">\n\t\t\t\t\t\t\t\t\t\t\t\t\t<img fetchpriority=\"high\" decoding=\"async\" width=\"555\" height=\"370\" src=\"https:\/\/asesorianuevaera.com\/wp-content\/uploads\/2024\/07\/128511893_l_normal_none.jpg\" class=\"attachment-full size-full wp-image-4832\" alt=\"Business People Talking Discussing with coworker planning analyz\" srcset=\"https:\/\/asesorianuevaera.com\/wp-content\/uploads\/2024\/07\/128511893_l_normal_none.jpg 555w, https:\/\/asesorianuevaera.com\/wp-content\/uploads\/2024\/07\/128511893_l_normal_none-300x200.jpg 300w\" sizes=\"(max-width: 555px) 100vw, 555px\" \/>\t\t\t\t\t\t\t\t\t\t\t\t\t<\/div>\n\t\t\t\t<\/div>\n\t\t\t\t\t<\/div>\n\t\t<\/div>\n\t\t\t\t\t<\/div>\n\t\t<\/section>\n\t\t\t\t<div class=\"elementor-element elementor-element-f2f839e elementor-widget elementor-widget-spacer\" data-id=\"f2f839e\" data-element_type=\"widget\" data-widget_type=\"spacer.default\">\n\t\t\t\t<div class=\"elementor-widget-container\">\n\t\t\t\t\t<div class=\"elementor-spacer\">\n\t\t\t<div class=\"elementor-spacer-inner\"><\/div>\n\t\t<\/div>\n\t\t\t\t<\/div>\n\t\t\t\t<\/div>\n\t\t\t\t\t<\/div>\n\t\t<\/div>\n\t\t\t\t\t<\/div>\n\t\t<\/section>\n\t\t\t\t<section class=\"elementor-section elementor-top-section elementor-element elementor-element-7c06621 elementor-section-stretched elementor-section-boxed elementor-section-height-default elementor-section-height-default\" data-id=\"7c06621\" data-element_type=\"section\" data-settings=\"{&quot;stretch_section&quot;:&quot;section-stretched&quot;,&quot;background_background&quot;:&quot;classic&quot;}\">\n\t\t\t\t\t\t<div class=\"elementor-container elementor-column-gap-wider\">\n\t\t\t\t\t<div class=\"elementor-column elementor-col-100 elementor-top-column elementor-element elementor-element-b9d7cfd\" data-id=\"b9d7cfd\" data-element_type=\"column\" data-settings=\"{&quot;background_background&quot;:&quot;classic&quot;}\">\n\t\t\t<div class=\"elementor-widget-wrap elementor-element-populated\">\n\t\t\t\t\t\t<div class=\"elementor-element elementor-element-6411335 elementor-widget elementor-widget-heading\" data-id=\"6411335\" data-element_type=\"widget\" data-widget_type=\"heading.default\">\n\t\t\t\t<div class=\"elementor-widget-container\">\n\t\t\t<h2 class=\"elementor-heading-title elementor-size-default\">\u6211\u4eec\u671f\u5f85\u60a8\u7684\u52a0\u5165\uff01<\/h2>\t\t<\/div>\n\t\t\t\t<\/div>\n\t\t\t\t<div class=\"elementor-element elementor-element-3e0f360 elementor-widget elementor-widget-spacer\" data-id=\"3e0f360\" data-element_type=\"widget\" data-widget_type=\"spacer.default\">\n\t\t\t\t<div class=\"elementor-widget-container\">\n\t\t\t\t\t<div class=\"elementor-spacer\">\n\t\t\t<div class=\"elementor-spacer-inner\"><\/div>\n\t\t<\/div>\n\t\t\t\t<\/div>\n\t\t\t\t<\/div>\n\t\t\t\t<div class=\"elementor-element elementor-element-08a84bc elementor-widget elementor-widget-text-editor\" data-id=\"08a84bc\" data-element_type=\"widget\" data-widget_type=\"text-editor.default\">\n\t\t\t\t<div class=\"elementor-widget-container\">\n\t\t\t\t\t\t\t<p>\u5728\u5e7f\u6e90\u4e8b\u52a1\u6240\uff0c\u6211\u4eec\u7684\u4e3b\u8981\u76ee\u6807\u662f\u63d0\u4f9b\u4f18\u8d28\u670d\u52a1\uff0c\u62e5\u6709\u5404\u4e2a\u9886\u57df\u7684\u6700\u4f73\u4e13\u4e1a\u4eba\u5458.\u65e0\u8bba\u60a8\u9700\u8981\u52b3\u52a8\u3001\u7a0e\u52a1\u3001\u4f1a\u8ba1\u3001\u6cd5\u5f8b\u6216\u79fb\u6c11\u54a8\u8be2\uff0c\u6211\u4eec\u90fd\u53ef\u4ee5\u5e2e\u52a9\u60a8.\u8bf7\u968f\u65f6\u4e0e\u6211\u4eec\u8054\u7cfb\uff0c\u4e86\u89e3\u6211\u4eec\u5982\u4f55\u5e2e\u52a9\u60a8\u7684\u4f01\u4e1a.<\/p>\t\t\t\t\t\t<\/div>\n\t\t\t\t<\/div>\n\t\t\t\t<div class=\"elementor-element elementor-element-30d4421 elementor-widget elementor-widget-spacer\" data-id=\"30d4421\" data-element_type=\"widget\" data-widget_type=\"spacer.default\">\n\t\t\t\t<div class=\"elementor-widget-container\">\n\t\t\t\t\t<div class=\"elementor-spacer\">\n\t\t\t<div class=\"elementor-spacer-inner\"><\/div>\n\t\t<\/div>\n\t\t\t\t<\/div>\n\t\t\t\t<\/div>\n\t\t\t\t<div class=\"elementor-element elementor-element-ec81da8 elementor-align-center elementor-widget elementor-widget-the7_button_widget\" data-id=\"ec81da8\" data-element_type=\"widget\" data-widget_type=\"the7_button_widget.default\">\n\t\t\t\t<div class=\"elementor-widget-container\">\n\t\t\t<div class=\"elementor-button-wrapper\"><a href=\"https:\/\/asesorianuevaera.com\/zh\/contact\/\" class=\"box-button elementor-button elementor-size-lg\">\u8054\u7cfb\u6211\u4eec<\/a><\/div>\t\t<\/div>\n\t\t\t\t<\/div>\n\t\t\t\t\t<\/div>\n\t\t<\/div>\n\t\t\t\t\t<\/div>\n\t\t<\/section>\n\t\t\t\t<\/div>","protected":false},"excerpt":{"rendered":"<p>Asesores laborales expertos en Sevilla En Nueva Era Asesor\u00eda somos una empresa de asesores laborales expertos, l\u00edder en Sevilla, integrada por un equipo de profesionales especializados en diferentes \u00e1reas del \u00e1mbito empresarial, incluyendo el \u00e1rea laboral. Nos enorgullece ofrecer un servicio de asesor\u00eda profesional para empresas , adaptado a las necesidades de cada cliente. Servicio&hellip;<\/p>","protected":false},"author":1,"featured_media":716,"parent":0,"menu_order":15,"comment_status":"closed","ping_status":"closed","template":"","meta":{"footnotes":""},"_links":{"self":[{"href":"https:\/\/asesorianuevaera.com\/zh\/wp-json\/wp\/v2\/pages\/1642"}],"collection":[{"href":"https:\/\/asesorianuevaera.com\/zh\/wp-json\/wp\/v2\/pages"}],"about":[{"href":"https:\/\/asesorianuevaera.com\/zh\/wp-json\/wp\/v2\/types\/page"}],"author":[{"embeddable":true,"href":"https:\/\/asesorianuevaera.com\/zh\/wp-json\/wp\/v2\/users\/1"}],"replies":[{"embeddable":true,"href":"https:\/\/asesorianuevaera.com\/zh\/wp-json\/wp\/v2\/comments?post=1642"}],"version-history":[{"count":4,"href":"https:\/\/asesorianuevaera.com\/zh\/wp-json\/wp\/v2\/pages\/1642\/revisions"}],"predecessor-version":[{"id":4836,"href":"https:\/\/asesorianuevaera.com\/zh\/wp-json\/wp\/v2\/pages\/1642\/revisions\/4836"}],"wp:featuredmedia":[{"embeddable":true,"href":"https:\/\/asesorianuevaera.com\/zh\/wp-json\/wp\/v2\/media\/716"}],"wp:attachment":[{"href":"https:\/\/asesorianuevaera.com\/zh\/wp-json\/wp\/v2\/media?parent=1642"}],"curies":[{"name":"wp","href":"https:\/\/api.w.org\/{rel}","templated":true}]}}